{"id":132154,"date":"2025-06-10T16:14:21","date_gmt":"2025-06-10T21:14:21","guid":{"rendered":"https:\/\/redcol.co\/?page_id=132154"},"modified":"2025-10-24T20:09:34","modified_gmt":"2025-10-25T01:09:34","slug":"politicas","status":"publish","type":"page","link":"https:\/\/redcol.co\/es\/politicas\/","title":{"rendered":"Pol\u00edticas"},"content":{"rendered":"\t\t<div data-elementor-type=\"wp-page\" data-elementor-id=\"132154\" class=\"elementor elementor-132154\" data-elementor-post-type=\"page\">\n\t\t\t\t<div class=\"elementor-element elementor-element-61fcdd97 e-con-full e-flex e-con e-child\" data-id=\"61fcdd97\" data-element_type=\"container\" data-e-type=\"container\">\n\t\t\t\t<div class=\"elementor-element elementor-element-2a4f1091 elementor-widget elementor-widget-image\" data-id=\"2a4f1091\" data-element_type=\"widget\" data-e-type=\"widget\" data-widget_type=\"image.default\">\n\t\t\t\t<div class=\"elementor-widget-container\">\n\t\t\t\t\t\t\t\t\t\t\t\t\t\t\t<img decoding=\"async\" src=\"https:\/\/redcol.co\/wp-content\/uploads\/sites\/51\/2025\/03\/nuestro-liderazgo.jpg?w=2048\" title=\"nuestro-liderazgo\" alt=\"estudiantes de bureche school\" loading=\"lazy\" \/>\t\t\t\t\t\t\t\t\t\t\t\t\t\t\t<\/div>\n\t\t\t\t<\/div>\n\t\t\t\t<\/div>\n\t\t<div class=\"elementor-element elementor-element-1c76ba6 e-flex e-con-boxed e-con e-parent\" data-id=\"1c76ba6\" data-element_type=\"container\" data-e-type=\"container\">\n\t\t\t\t\t<div class=\"e-con-inner\">\n\t\t\t\t<div class=\"elementor-element elementor-element-3aa1b28 elementor-widget elementor-widget-text-editor\" data-id=\"3aa1b28\" data-element_type=\"widget\" data-e-type=\"widget\" data-widget_type=\"text-editor.default\">\n\t\t\t\t<div class=\"elementor-widget-container\">\n\t\t\t\t\t\t\t\t\t<ul><li><a href=\"https:\/\/redcol.co\/wp-content\/uploads\/sites\/51\/2025\/06\/v2-MANUAL-DE-CUMPLIMIENTO-PTEE-FINAL.pdf\" target=\"_blank\" rel=\"noopener\">Programa de transparencia y \u00e9tica empresarial PTEE<\/a><\/li><li><a href=\"https:\/\/redcol.co\/wp-content\/uploads\/sites\/51\/2025\/06\/V2-Manual-SAGRILAFT-Redcol-VF-FINAL.pdf\" target=\"_blank\" rel=\"noopener\">Manual SAGRILAFT<\/a><\/li><li><a href=\"https:\/\/redcol.co\/wp-content\/uploads\/sites\/51\/2025\/04\/20250224-Autorizacion-de-tratamiento-de-datos.pdf\" target=\"_blank\" rel=\"noopener\">Pol\u00edtica de protecci\u00f3n de datos personales<\/a><\/li><li><a href=\"https:\/\/redcol.co\/wp-content\/uploads\/sites\/51\/2025\/06\/SG-PL-RED-01-Politica-salvaguarda-y-proteccion-infantil-1-1.pdf\" target=\"_blank\" rel=\"noopener\">Pol\u00edtica de Salvaguarda<\/a><\/li><li><a href=\"https:\/\/redcol.co\/wp-content\/uploads\/sites\/51\/2025\/06\/20230915-CORED_POL_CODECONDUCTA_0823-Aprobada-COGNITA-COLOMBIA.pdf\" target=\"_blank\" rel=\"noopener\">C\u00f3digo de conducta<\/a><\/li><li><a href=\"https:\/\/redcol.co\/wp-content\/uploads\/sites\/51\/2025\/10\/SGC_Redcol_2023.pdf\">Sistema de Gesti\u00f3n de Calidad<\/a><\/li><li><a href=\"https:\/\/redcol.co\/wp-content\/uploads\/sites\/51\/2025\/10\/Certificados-ISO-9001-2015-ICONTEC.pdf\">Certificado ICONTEC<\/a><\/li><li><a href=\"https:\/\/redcol.co\/wp-content\/uploads\/sites\/51\/2025\/10\/Certificados-ISO-9001-2015-IQNET.pdf\">Certificado IQNET<\/a><\/li><\/ul>\t\t\t\t\t\t\t\t<\/div>\n\t\t\t\t<\/div>\n\t\t\t\t\t<\/div>\n\t\t\t\t<\/div>\n\t\t\t\t<\/div>\n\t\t","protected":false},"excerpt":{"rendered":"<p>Programa de transparencia y \u00e9tica empresarial PTEE Manual SAGRILAFT Pol\u00edtica de protecci\u00f3n de datos personales Pol\u00edtica de Salvaguarda C\u00f3digo de conducta Sistema de Gesti\u00f3n de Calidad Certificado ICONTEC Certificado IQNET<\/p>\n","protected":false},"author":80,"featured_media":0,"parent":0,"menu_order":0,"comment_status":"closed","ping_status":"closed","template":"","meta":{"_acf_changed":false,"content-type":"","footnotes":""},"class_list":["post-132154","page","type-page","status-publish","hentry"],"acf":[],"yoast_head":"<!-- This site is optimized with the Yoast SEO plugin v27.1.1 - https:\/\/yoast.com\/product\/yoast-seo-wordpress\/ -->\n<title>Pol\u00edticas - Redcol<\/title>\n<meta name=\"robots\" content=\"index, follow, max-snippet:-1, max-image-preview:large, max-video-preview:-1\" \/>\n<link rel=\"canonical\" href=\"https:\/\/redcol.co\/es\/politicas\/\" \/>\n<meta property=\"og:locale\" content=\"es_ES\" \/>\n<meta property=\"og:type\" content=\"article\" \/>\n<meta property=\"og:title\" content=\"Pol\u00edticas - Redcol\" \/>\n<meta property=\"og:description\" content=\"Programa de transparencia y \u00e9tica empresarial PTEE Manual SAGRILAFT Pol\u00edtica de protecci\u00f3n de datos personales Pol\u00edtica de Salvaguarda C\u00f3digo de conducta Sistema de Gesti\u00f3n de Calidad Certificado ICONTEC Certificado IQNET\" \/>\n<meta property=\"og:url\" content=\"https:\/\/redcol.co\/es\/politicas\/\" \/>\n<meta property=\"og:site_name\" content=\"Redcol\" \/>\n<meta property=\"article:publisher\" content=\"https:\/\/www.facebook.com\/redcolholdingSAS\" \/>\n<meta property=\"article:modified_time\" content=\"2025-10-25T01:09:34+00:00\" \/>\n<meta property=\"og:image\" content=\"https:\/\/redcol.co\/wp-content\/uploads\/sites\/51\/2025\/03\/nuestro-liderazgo.jpg?w=2048\" \/>\n<meta name=\"twitter:card\" content=\"summary_large_image\" \/>\n<meta name=\"twitter:label1\" content=\"Tiempo de lectura\" \/>\n\t<meta name=\"twitter:data1\" content=\"1 minuto\" \/>\n<script type=\"application\/ld+json\" class=\"yoast-schema-graph\">{\"@context\":\"https:\/\/schema.org\",\"@graph\":[{\"@type\":\"WebPage\",\"@id\":\"https:\/\/redcol.co\/es\/politicas\/\",\"url\":\"https:\/\/redcol.co\/es\/politicas\/\",\"name\":\"Pol\u00edticas - Redcol\",\"isPartOf\":{\"@id\":\"https:\/\/redcol.co\/es\/#website\"},\"primaryImageOfPage\":{\"@id\":\"https:\/\/redcol.co\/es\/politicas\/#primaryimage\"},\"image\":{\"@id\":\"https:\/\/redcol.co\/es\/politicas\/#primaryimage\"},\"thumbnailUrl\":\"https:\/\/redcol.co\/wp-content\/uploads\/sites\/51\/2025\/03\/nuestro-liderazgo.jpg?w=2048\",\"datePublished\":\"2025-06-10T21:14:21+00:00\",\"dateModified\":\"2025-10-25T01:09:34+00:00\",\"breadcrumb\":{\"@id\":\"https:\/\/redcol.co\/es\/politicas\/#breadcrumb\"},\"inLanguage\":\"es\",\"potentialAction\":[{\"@type\":\"ReadAction\",\"target\":[\"https:\/\/redcol.co\/es\/politicas\/\"]}]},{\"@type\":\"ImageObject\",\"inLanguage\":\"es\",\"@id\":\"https:\/\/redcol.co\/es\/politicas\/#primaryimage\",\"url\":\"https:\/\/redcol.co\/wp-content\/uploads\/sites\/51\/2025\/03\/nuestro-liderazgo.jpg?w=2048\",\"contentUrl\":\"https:\/\/redcol.co\/wp-content\/uploads\/sites\/51\/2025\/03\/nuestro-liderazgo.jpg?w=2048\"},{\"@type\":\"BreadcrumbList\",\"@id\":\"https:\/\/redcol.co\/es\/politicas\/#breadcrumb\",\"itemListElement\":[{\"@type\":\"ListItem\",\"position\":1,\"name\":\"Home\",\"item\":\"https:\/\/redcol.co\/es\/\"},{\"@type\":\"ListItem\",\"position\":2,\"name\":\"Pol\u00edticas\"}]},{\"@type\":\"WebSite\",\"@id\":\"https:\/\/redcol.co\/es\/#website\",\"url\":\"https:\/\/redcol.co\/es\/\",\"name\":\"Redcol\",\"description\":\"\",\"publisher\":{\"@id\":\"https:\/\/redcol.co\/es\/#organization\"},\"potentialAction\":[{\"@type\":\"SearchAction\",\"target\":{\"@type\":\"EntryPoint\",\"urlTemplate\":\"https:\/\/redcol.co\/es\/?s={search_term_string}\"},\"query-input\":{\"@type\":\"PropertyValueSpecification\",\"valueRequired\":true,\"valueName\":\"search_term_string\"}}],\"inLanguage\":\"es\"},{\"@type\":\"Organization\",\"@id\":\"https:\/\/redcol.co\/es\/#organization\",\"name\":\"Redcol\",\"url\":\"https:\/\/redcol.co\/es\/\",\"logo\":{\"@type\":\"ImageObject\",\"inLanguage\":\"es\",\"@id\":\"https:\/\/redcol.co\/es\/#\/schema\/logo\/image\/\",\"url\":\"https:\/\/redcol.co\/wp-content\/uploads\/sites\/51\/2025\/03\/logo-color-38.png\",\"contentUrl\":\"https:\/\/redcol.co\/wp-content\/uploads\/sites\/51\/2025\/03\/logo-color-38.png\",\"width\":5110,\"height\":1020,\"caption\":\"Redcol\"},\"image\":{\"@id\":\"https:\/\/redcol.co\/es\/#\/schema\/logo\/image\/\"},\"sameAs\":[\"https:\/\/www.facebook.com\/redcolholdingSAS\",\"https:\/\/www.instagram.com\/redcolholding\/\",\"https:\/\/www.youtube.com\/channel\/UC_mTM-cU4nAoCWceVW7oqoA\",\"https:\/\/www.linkedin.com\/company\/10804270\/admin\/\"]}]}<\/script>\n<!-- \/ Yoast SEO plugin. -->","yoast_head_json":{"title":"Pol\u00edticas - Redcol","robots":{"index":"index","follow":"follow","max-snippet":"max-snippet:-1","max-image-preview":"max-image-preview:large","max-video-preview":"max-video-preview:-1"},"canonical":"https:\/\/redcol.co\/es\/politicas\/","og_locale":"es_ES","og_type":"article","og_title":"Pol\u00edticas - Redcol","og_description":"Programa de transparencia y \u00e9tica empresarial PTEE Manual SAGRILAFT Pol\u00edtica de protecci\u00f3n de datos personales Pol\u00edtica de Salvaguarda C\u00f3digo de conducta Sistema de Gesti\u00f3n de Calidad Certificado ICONTEC Certificado IQNET","og_url":"https:\/\/redcol.co\/es\/politicas\/","og_site_name":"Redcol","article_publisher":"https:\/\/www.facebook.com\/redcolholdingSAS","article_modified_time":"2025-10-25T01:09:34+00:00","og_image":[{"url":"https:\/\/redcol.co\/wp-content\/uploads\/sites\/51\/2025\/03\/nuestro-liderazgo.jpg?w=2048","type":"","width":"","height":""}],"twitter_card":"summary_large_image","twitter_misc":{"Tiempo de lectura":"1 minuto"},"schema":{"@context":"https:\/\/schema.org","@graph":[{"@type":"WebPage","@id":"https:\/\/redcol.co\/es\/politicas\/","url":"https:\/\/redcol.co\/es\/politicas\/","name":"Pol\u00edticas - Redcol","isPartOf":{"@id":"https:\/\/redcol.co\/es\/#website"},"primaryImageOfPage":{"@id":"https:\/\/redcol.co\/es\/politicas\/#primaryimage"},"image":{"@id":"https:\/\/redcol.co\/es\/politicas\/#primaryimage"},"thumbnailUrl":"https:\/\/redcol.co\/wp-content\/uploads\/sites\/51\/2025\/03\/nuestro-liderazgo.jpg?w=2048","datePublished":"2025-06-10T21:14:21+00:00","dateModified":"2025-10-25T01:09:34+00:00","breadcrumb":{"@id":"https:\/\/redcol.co\/es\/politicas\/#breadcrumb"},"inLanguage":"es","potentialAction":[{"@type":"ReadAction","target":["https:\/\/redcol.co\/es\/politicas\/"]}]},{"@type":"ImageObject","inLanguage":"es","@id":"https:\/\/redcol.co\/es\/politicas\/#primaryimage","url":"https:\/\/redcol.co\/wp-content\/uploads\/sites\/51\/2025\/03\/nuestro-liderazgo.jpg?w=2048","contentUrl":"https:\/\/redcol.co\/wp-content\/uploads\/sites\/51\/2025\/03\/nuestro-liderazgo.jpg?w=2048"},{"@type":"BreadcrumbList","@id":"https:\/\/redcol.co\/es\/politicas\/#breadcrumb","itemListElement":[{"@type":"ListItem","position":1,"name":"Home","item":"https:\/\/redcol.co\/es\/"},{"@type":"ListItem","position":2,"name":"Pol\u00edticas"}]},{"@type":"WebSite","@id":"https:\/\/redcol.co\/es\/#website","url":"https:\/\/redcol.co\/es\/","name":"Redcol","description":"","publisher":{"@id":"https:\/\/redcol.co\/es\/#organization"},"potentialAction":[{"@type":"SearchAction","target":{"@type":"EntryPoint","urlTemplate":"https:\/\/redcol.co\/es\/?s={search_term_string}"},"query-input":{"@type":"PropertyValueSpecification","valueRequired":true,"valueName":"search_term_string"}}],"inLanguage":"es"},{"@type":"Organization","@id":"https:\/\/redcol.co\/es\/#organization","name":"Redcol","url":"https:\/\/redcol.co\/es\/","logo":{"@type":"ImageObject","inLanguage":"es","@id":"https:\/\/redcol.co\/es\/#\/schema\/logo\/image\/","url":"https:\/\/redcol.co\/wp-content\/uploads\/sites\/51\/2025\/03\/logo-color-38.png","contentUrl":"https:\/\/redcol.co\/wp-content\/uploads\/sites\/51\/2025\/03\/logo-color-38.png","width":5110,"height":1020,"caption":"Redcol"},"image":{"@id":"https:\/\/redcol.co\/es\/#\/schema\/logo\/image\/"},"sameAs":["https:\/\/www.facebook.com\/redcolholdingSAS","https:\/\/www.instagram.com\/redcolholding\/","https:\/\/www.youtube.com\/channel\/UC_mTM-cU4nAoCWceVW7oqoA","https:\/\/www.linkedin.com\/company\/10804270\/admin\/"]}]}},"jetpack_sharing_enabled":true,"_links":{"self":[{"href":"https:\/\/redcol.co\/es\/wp-json\/wp\/v2\/pages\/132154","targetHints":{"allow":["GET"]}}],"collection":[{"href":"https:\/\/redcol.co\/es\/wp-json\/wp\/v2\/pages"}],"about":[{"href":"https:\/\/redcol.co\/es\/wp-json\/wp\/v2\/types\/page"}],"author":[{"embeddable":true,"href":"https:\/\/redcol.co\/es\/wp-json\/wp\/v2\/users\/80"}],"replies":[{"embeddable":true,"href":"https:\/\/redcol.co\/es\/wp-json\/wp\/v2\/comments?post=132154"}],"version-history":[{"count":12,"href":"https:\/\/redcol.co\/es\/wp-json\/wp\/v2\/pages\/132154\/revisions"}],"predecessor-version":[{"id":132479,"href":"https:\/\/redcol.co\/es\/wp-json\/wp\/v2\/pages\/132154\/revisions\/132479"}],"wp:attachment":[{"href":"https:\/\/redcol.co\/es\/wp-json\/wp\/v2\/media?parent=132154"}],"curies":[{"name":"wp","href":"https:\/\/api.w.org\/{rel}","templated":true}]}}